{"id":94,"date":"2023-10-09T18:49:32","date_gmt":"2023-10-09T16:49:32","guid":{"rendered":"https:\/\/chalespa.com\/?page_id=94"},"modified":"2025-03-04T22:38:40","modified_gmt":"2025-03-04T21:38:40","slug":"servicios","status":"publish","type":"page","link":"https:\/\/chalespa.com\/index.php\/servicios\/","title":{"rendered":"Servicios"},"content":{"rendered":"\t\t<div data-elementor-type=\"wp-page\" data-elementor-id=\"94\" class=\"elementor elementor-94\" data-elementor-post-type=\"page\">\n\t\t\t\t\t\t<section class=\"elementor-section elementor-top-section elementor-element elementor-element-cca6ef6 elementor-section-boxed elementor-section-height-default elementor-section-height-default\" data-id=\"cca6ef6\" data-element_type=\"section\" data-e-type=\"section\">\n\t\t\t\t\t\t<div class=\"elementor-container elementor-column-gap-default\">\n\t\t\t\t\t<div class=\"elementor-column elementor-col-100 elementor-top-column elementor-element elementor-element-dcb6cf4\" data-id=\"dcb6cf4\" data-element_type=\"column\" data-e-type=\"column\">\n\t\t\t<div class=\"elementor-widget-wrap elementor-element-populated\">\n\t\t\t\t\t\t<div class=\"elementor-element elementor-element-5950c82 elementor-widget elementor-widget-heading\" data-id=\"5950c82\" data-element_type=\"widget\" data-e-type=\"widget\" data-widget_type=\"heading.default\">\n\t\t\t\t<div class=\"elementor-widget-container\">\n\t\t\t\t\t<h2 class=\"elementor-heading-title elementor-size-default\">SERVICIOS<\/h2>\t\t\t\t<\/div>\n\t\t\t\t<\/div>\n\t\t\t\t<div class=\"elementor-element elementor-element-9ef4088 elementor-widget-divider--view-line elementor-widget elementor-widget-divider\" data-id=\"9ef4088\" data-element_type=\"widget\" data-e-type=\"widget\" data-widget_type=\"divider.default\">\n\t\t\t\t<div class=\"elementor-widget-container\">\n\t\t\t\t\t\t\t<div class=\"elementor-divider\">\n\t\t\t<span class=\"elementor-divider-separator\">\n\t\t\t\t\t\t<\/span>\n\t\t<\/div>\n\t\t\t\t\t\t<\/div>\n\t\t\t\t<\/div>\n\t\t\t\t<section class=\"elementor-section elementor-inner-section elementor-element elementor-element-5b449aa elementor-section-boxed elementor-section-height-default elementor-section-height-default\" data-id=\"5b449aa\" data-element_type=\"section\" data-e-type=\"section\">\n\t\t\t\t\t\t<div class=\"elementor-container elementor-column-gap-wide\">\n\t\t\t\t\t<div class=\"elementor-column elementor-col-25 elementor-inner-column elementor-element elementor-element-9af0da5\" data-id=\"9af0da5\" data-element_type=\"column\" data-e-type=\"column\">\n\t\t\t<div class=\"elementor-widget-wrap elementor-element-populated\">\n\t\t\t\t\t\t<div class=\"elementor-element elementor-element-fe113d1 elementor-widget elementor-widget-image\" data-id=\"fe113d1\" data-element_type=\"widget\" data-e-type=\"widget\" data-widget_type=\"image.default\">\n\t\t\t\t<div class=\"elementor-widget-container\">\n\t\t\t\t\t\t\t\t\t\t\t\t\t\t\t\t<a href=\"#masajes\">\n\t\t\t\t\t\t\t<img decoding=\"async\" width=\"120\" height=\"119\" src=\"https:\/\/chalespa.com\/wp-content\/uploads\/2023\/10\/chalespa_Recurso-10@2x.png\" class=\"attachment-full size-full wp-image-23\" alt=\"\" srcset=\"https:\/\/chalespa.com\/wp-content\/uploads\/2023\/10\/chalespa_Recurso-10@2x.png 120w, https:\/\/chalespa.com\/wp-content\/uploads\/2023\/10\/chalespa_Recurso-10@2x-100x100.png 100w\" sizes=\"(max-width: 120px) 100vw, 120px\" \/>\t\t\t\t\t\t\t\t<\/a>\n\t\t\t\t\t\t\t\t\t\t\t\t\t\t\t<\/div>\n\t\t\t\t<\/div>\n\t\t\t\t<div class=\"elementor-element elementor-element-0aabd2e elementor-widget elementor-widget-heading\" data-id=\"0aabd2e\" data-element_type=\"widget\" data-e-type=\"widget\" data-widget_type=\"heading.default\">\n\t\t\t\t<div class=\"elementor-widget-container\">\n\t\t\t\t\t<h2 class=\"elementor-heading-title elementor-size-default\"><a href=\"#masajes\">Masajes<\/a><\/h2>\t\t\t\t<\/div>\n\t\t\t\t<\/div>\n\t\t\t\t\t<\/div>\n\t\t<\/div>\n\t\t\t\t<div class=\"elementor-column elementor-col-25 elementor-inner-column elementor-element elementor-element-66a1f1c\" data-id=\"66a1f1c\" data-element_type=\"column\" data-e-type=\"column\">\n\t\t\t<div class=\"elementor-widget-wrap elementor-element-populated\">\n\t\t\t\t\t\t<div class=\"elementor-element elementor-element-f5b7203 elementor-widget elementor-widget-image\" data-id=\"f5b7203\" data-element_type=\"widget\" data-e-type=\"widget\" data-widget_type=\"image.default\">\n\t\t\t\t<div class=\"elementor-widget-container\">\n\t\t\t\t\t\t\t\t\t\t\t\t\t\t\t\t<a href=\"#experiencias\">\n\t\t\t\t\t\t\t<img decoding=\"async\" width=\"118\" height=\"120\" src=\"https:\/\/chalespa.com\/wp-content\/uploads\/2023\/10\/chalespa_Recurso-12@2x.png\" class=\"attachment-full size-full wp-image-21\" alt=\"\" \/>\t\t\t\t\t\t\t\t<\/a>\n\t\t\t\t\t\t\t\t\t\t\t\t\t\t\t<\/div>\n\t\t\t\t<\/div>\n\t\t\t\t<div class=\"elementor-element elementor-element-af40b95 elementor-widget elementor-widget-heading\" data-id=\"af40b95\" data-element_type=\"widget\" data-e-type=\"widget\" data-widget_type=\"heading.default\">\n\t\t\t\t<div class=\"elementor-widget-container\">\n\t\t\t\t\t<h2 class=\"elementor-heading-title elementor-size-default\"><a href=\"#facial\">Experiencias Cl\u00e1sica<\/a><\/h2>\t\t\t\t<\/div>\n\t\t\t\t<\/div>\n\t\t\t\t\t<\/div>\n\t\t<\/div>\n\t\t\t\t<div class=\"elementor-column elementor-col-25 elementor-inner-column elementor-element elementor-element-7373b7e\" data-id=\"7373b7e\" data-element_type=\"column\" data-e-type=\"column\">\n\t\t\t<div class=\"elementor-widget-wrap elementor-element-populated\">\n\t\t\t\t\t\t<div class=\"elementor-element elementor-element-00cbc90 elementor-widget elementor-widget-image\" data-id=\"00cbc90\" data-element_type=\"widget\" data-e-type=\"widget\" data-widget_type=\"image.default\">\n\t\t\t\t<div class=\"elementor-widget-container\">\n\t\t\t\t\t\t\t\t\t\t\t\t\t\t\t\t<a href=\"https:\/\/chalespa.com\/index.php\/servicios\/#duo\">\n\t\t\t\t\t\t\t<img decoding=\"async\" width=\"119\" height=\"120\" src=\"https:\/\/chalespa.com\/wp-content\/uploads\/2023\/10\/chalespa_Recurso-14@2x.png\" class=\"attachment-full size-full wp-image-19\" alt=\"\" srcset=\"https:\/\/chalespa.com\/wp-content\/uploads\/2023\/10\/chalespa_Recurso-14@2x.png 119w, https:\/\/chalespa.com\/wp-content\/uploads\/2023\/10\/chalespa_Recurso-14@2x-100x100.png 100w\" sizes=\"(max-width: 119px) 100vw, 119px\" \/>\t\t\t\t\t\t\t\t<\/a>\n\t\t\t\t\t\t\t\t\t\t\t\t\t\t\t<\/div>\n\t\t\t\t<\/div>\n\t\t\t\t<div class=\"elementor-element elementor-element-19da070 elementor-widget elementor-widget-heading\" data-id=\"19da070\" data-element_type=\"widget\" data-e-type=\"widget\" data-widget_type=\"heading.default\">\n\t\t\t\t<div class=\"elementor-widget-container\">\n\t\t\t\t\t<h2 class=\"elementor-heading-title elementor-size-default\"><a href=\"#experiencias\">Experiencias \u00c9lite<\/a><\/h2>\t\t\t\t<\/div>\n\t\t\t\t<\/div>\n\t\t\t\t\t<\/div>\n\t\t<\/div>\n\t\t\t\t<div class=\"elementor-column elementor-col-25 elementor-inner-column elementor-element elementor-element-621b071\" data-id=\"621b071\" data-element_type=\"column\" data-e-type=\"column\">\n\t\t\t<div class=\"elementor-widget-wrap elementor-element-populated\">\n\t\t\t\t\t\t<div class=\"elementor-element elementor-element-d69f41e elementor-widget elementor-widget-image\" data-id=\"d69f41e\" data-element_type=\"widget\" data-e-type=\"widget\" data-widget_type=\"image.default\">\n\t\t\t\t<div class=\"elementor-widget-container\">\n\t\t\t\t\t\t\t\t\t\t\t\t\t\t\t\t<a href=\"#facial\">\n\t\t\t\t\t\t\t<img loading=\"lazy\" decoding=\"async\" width=\"118\" height=\"119\" src=\"https:\/\/chalespa.com\/wp-content\/uploads\/2023\/10\/chalespa_Recurso-11@2x.png\" class=\"attachment-full size-full wp-image-22\" alt=\"\" srcset=\"https:\/\/chalespa.com\/wp-content\/uploads\/2023\/10\/chalespa_Recurso-11@2x.png 118w, https:\/\/chalespa.com\/wp-content\/uploads\/2023\/10\/chalespa_Recurso-11@2x-100x100.png 100w\" sizes=\"(max-width: 118px) 100vw, 118px\" \/>\t\t\t\t\t\t\t\t<\/a>\n\t\t\t\t\t\t\t\t\t\t\t\t\t\t\t<\/div>\n\t\t\t\t<\/div>\n\t\t\t\t<div class=\"elementor-element elementor-element-ea5fc9d elementor-widget elementor-widget-heading\" data-id=\"ea5fc9d\" data-element_type=\"widget\" data-e-type=\"widget\" data-widget_type=\"heading.default\">\n\t\t\t\t<div class=\"elementor-widget-container\">\n\t\t\t\t\t<h2 class=\"elementor-heading-title elementor-size-default\"><a href=\"#duo\">Otros<\/a><\/h2>\t\t\t\t<\/div>\n\t\t\t\t<\/div>\n\t\t\t\t\t<\/div>\n\t\t<\/div>\n\t\t\t\t\t<\/div>\n\t\t<\/section>\n\t\t\t\t<div class=\"elementor-element elementor-element-01699c7 elementor-widget elementor-widget-text-editor\" data-id=\"01699c7\" data-element_type=\"widget\" data-e-type=\"widget\" data-widget_type=\"text-editor.default\">\n\t\t\t\t<div class=\"elementor-widget-container\">\n\t\t\t\t\t\t\t\t\t<p>Te invitamos a conocer nuestra amplia gama de servicios que ofrecemos con la \u00fanica finalidad de mejorar <br \/>tu calidad de vida a trav\u00e9s de brindarte bienestar, mejorar tu salud y exponenciar tu belleza natural.<\/p>\t\t\t\t\t\t\t\t<\/div>\n\t\t\t\t<\/div>\n\t\t\t\t\t<\/div>\n\t\t<\/div>\n\t\t\t\t\t<\/div>\n\t\t<\/section>\n\t\t\t\t<section class=\"elementor-section elementor-top-section elementor-element elementor-element-a450bcd elementor-section-boxed elementor-section-height-default elementor-section-height-default\" data-id=\"a450bcd\" data-element_type=\"section\" data-e-type=\"section\">\n\t\t\t\t\t\t<div class=\"elementor-container elementor-column-gap-default\">\n\t\t\t\t\t<div class=\"elementor-column elementor-col-100 elementor-top-column elementor-element elementor-element-f2c834f\" data-id=\"f2c834f\" data-element_type=\"column\" data-e-type=\"column\">\n\t\t\t<div class=\"elementor-widget-wrap elementor-element-populated\">\n\t\t\t\t\t\t<div class=\"elementor-element elementor-element-23e306e elementor-widget elementor-widget-image\" data-id=\"23e306e\" data-element_type=\"widget\" data-e-type=\"widget\" data-widget_type=\"image.default\">\n\t\t\t\t<div class=\"elementor-widget-container\">\n\t\t\t\t\t\t\t\t\t\t\t\t\t\t\t\t<a href=\"#elementor-action%3Aaction%3Dpopup%3Aopen%26settings%3DeyJpZCI6Ijg2MiIsInRvZ2dsZSI6ZmFsc2V9\">\n\t\t\t\t\t\t\t<img loading=\"lazy\" decoding=\"async\" width=\"2560\" height=\"949\" src=\"https:\/\/chalespa.com\/wp-content\/uploads\/2024\/04\/chale_Recurso-1@3x-50-scaled.jpg\" class=\"attachment-full size-full wp-image-852\" alt=\"\" srcset=\"https:\/\/chalespa.com\/wp-content\/uploads\/2024\/04\/chale_Recurso-1@3x-50-scaled.jpg 2560w, https:\/\/chalespa.com\/wp-content\/uploads\/2024\/04\/chale_Recurso-1@3x-50-300x111.jpg 300w, https:\/\/chalespa.com\/wp-content\/uploads\/2024\/04\/chale_Recurso-1@3x-50-1024x380.jpg 1024w, https:\/\/chalespa.com\/wp-content\/uploads\/2024\/04\/chale_Recurso-1@3x-50-768x285.jpg 768w, https:\/\/chalespa.com\/wp-content\/uploads\/2024\/04\/chale_Recurso-1@3x-50-1536x569.jpg 1536w, https:\/\/chalespa.com\/wp-content\/uploads\/2024\/04\/chale_Recurso-1@3x-50-2048x759.jpg 2048w, https:\/\/chalespa.com\/wp-content\/uploads\/2024\/04\/chale_Recurso-1@3x-50-600x222.jpg 600w\" sizes=\"(max-width: 2560px) 100vw, 2560px\" \/>\t\t\t\t\t\t\t\t<\/a>\n\t\t\t\t\t\t\t\t\t\t\t\t\t\t\t<\/div>\n\t\t\t\t<\/div>\n\t\t\t\t\t<\/div>\n\t\t<\/div>\n\t\t\t\t\t<\/div>\n\t\t<\/section>\n\t\t\t\t<section class=\"elementor-section elementor-top-section elementor-element elementor-element-c259953 elementor-section-boxed elementor-section-height-default elementor-section-height-default\" data-id=\"c259953\" data-element_type=\"section\" data-e-type=\"section\">\n\t\t\t\t\t\t<div class=\"elementor-container elementor-column-gap-default\">\n\t\t\t\t\t<div class=\"elementor-column elementor-col-100 elementor-top-column elementor-element elementor-element-bed9bf2\" data-id=\"bed9bf2\" data-element_type=\"column\" data-e-type=\"column\">\n\t\t\t<div class=\"elementor-widget-wrap elementor-element-populated\">\n\t\t\t\t\t\t<div class=\"elementor-element elementor-element-e6344e8 elementor-widget elementor-widget-image\" data-id=\"e6344e8\" data-element_type=\"widget\" data-e-type=\"widget\" data-widget_type=\"image.default\">\n\t\t\t\t<div class=\"elementor-widget-container\">\n\t\t\t\t\t\t\t\t\t\t\t\t\t\t\t\t<a href=\"#elementor-action%3Aaction%3Dpopup%3Aopen%26settings%3DeyJpZCI6Ijg2OCIsInRvZ2dsZSI6ZmFsc2V9\">\n\t\t\t\t\t\t\t<img loading=\"lazy\" decoding=\"async\" width=\"3264\" height=\"1211\" src=\"https:\/\/chalespa.com\/wp-content\/uploads\/2024\/05\/lifetool_Recurso-1@3x.png\" class=\"attachment-full size-full wp-image-891\" alt=\"\" srcset=\"https:\/\/chalespa.com\/wp-content\/uploads\/2024\/05\/lifetool_Recurso-1@3x.png 3264w, https:\/\/chalespa.com\/wp-content\/uploads\/2024\/05\/lifetool_Recurso-1@3x-300x111.png 300w, https:\/\/chalespa.com\/wp-content\/uploads\/2024\/05\/lifetool_Recurso-1@3x-1024x380.png 1024w, https:\/\/chalespa.com\/wp-content\/uploads\/2024\/05\/lifetool_Recurso-1@3x-768x285.png 768w, https:\/\/chalespa.com\/wp-content\/uploads\/2024\/05\/lifetool_Recurso-1@3x-1536x570.png 1536w, https:\/\/chalespa.com\/wp-content\/uploads\/2024\/05\/lifetool_Recurso-1@3x-2048x760.png 2048w, https:\/\/chalespa.com\/wp-content\/uploads\/2024\/05\/lifetool_Recurso-1@3x-600x223.png 600w\" sizes=\"(max-width: 3264px) 100vw, 3264px\" \/>\t\t\t\t\t\t\t\t<\/a>\n\t\t\t\t\t\t\t\t\t\t\t\t\t\t\t<\/div>\n\t\t\t\t<\/div>\n\t\t\t\t\t<\/div>\n\t\t<\/div>\n\t\t\t\t\t<\/div>\n\t\t<\/section>\n\t\t\t\t<section class=\"elementor-section elementor-top-section elementor-element elementor-element-a3d732e elementor-section-boxed elementor-section-height-default elementor-section-height-default\" data-id=\"a3d732e\" data-element_type=\"section\" data-e-type=\"section\">\n\t\t\t\t\t\t<div class=\"elementor-container elementor-column-gap-default\">\n\t\t\t\t\t<div class=\"elementor-column elementor-col-100 elementor-top-column elementor-element elementor-element-eb409eb\" data-id=\"eb409eb\" data-element_type=\"column\" data-e-type=\"column\">\n\t\t\t<div class=\"elementor-widget-wrap elementor-element-populated\">\n\t\t\t\t\t\t<div class=\"elementor-element elementor-element-b30d3f5 elementor-widget elementor-widget-image\" data-id=\"b30d3f5\" data-element_type=\"widget\" data-e-type=\"widget\" data-widget_type=\"image.default\">\n\t\t\t\t<div class=\"elementor-widget-container\">\n\t\t\t\t\t\t\t\t\t\t\t\t\t\t\t\t<a href=\"#elementor-action%3Aaction%3Dpopup%3Aopen%26settings%3DeyJpZCI6Ijg3MSIsInRvZ2dsZSI6ZmFsc2V9\">\n\t\t\t\t\t\t\t<img loading=\"lazy\" decoding=\"async\" width=\"2327\" height=\"889\" src=\"https:\/\/chalespa.com\/wp-content\/uploads\/2025\/03\/elite-06.png\" class=\"attachment-full size-full wp-image-1017\" alt=\"\" srcset=\"https:\/\/chalespa.com\/wp-content\/uploads\/2025\/03\/elite-06.png 2327w, https:\/\/chalespa.com\/wp-content\/uploads\/2025\/03\/elite-06-300x115.png 300w, https:\/\/chalespa.com\/wp-content\/uploads\/2025\/03\/elite-06-1024x391.png 1024w, https:\/\/chalespa.com\/wp-content\/uploads\/2025\/03\/elite-06-768x293.png 768w, https:\/\/chalespa.com\/wp-content\/uploads\/2025\/03\/elite-06-1536x587.png 1536w, https:\/\/chalespa.com\/wp-content\/uploads\/2025\/03\/elite-06-2048x782.png 2048w, https:\/\/chalespa.com\/wp-content\/uploads\/2025\/03\/elite-06-600x229.png 600w\" sizes=\"(max-width: 2327px) 100vw, 2327px\" \/>\t\t\t\t\t\t\t\t<\/a>\n\t\t\t\t\t\t\t\t\t\t\t\t\t\t\t<\/div>\n\t\t\t\t<\/div>\n\t\t\t\t\t<\/div>\n\t\t<\/div>\n\t\t\t\t\t<\/div>\n\t\t<\/section>\n\t\t\t\t<section class=\"elementor-section elementor-top-section elementor-element elementor-element-173056e elementor-section-boxed elementor-section-height-default elementor-section-height-default\" data-id=\"173056e\" data-element_type=\"section\" data-e-type=\"section\">\n\t\t\t\t\t\t<div class=\"elementor-container elementor-column-gap-default\">\n\t\t\t\t\t<div class=\"elementor-column elementor-col-100 elementor-top-column elementor-element elementor-element-18ab20d\" data-id=\"18ab20d\" data-element_type=\"column\" data-e-type=\"column\">\n\t\t\t<div class=\"elementor-widget-wrap elementor-element-populated\">\n\t\t\t\t\t\t<div class=\"elementor-element elementor-element-b0f578b elementor-widget elementor-widget-image\" data-id=\"b0f578b\" data-element_type=\"widget\" data-e-type=\"widget\" data-widget_type=\"image.default\">\n\t\t\t\t<div class=\"elementor-widget-container\">\n\t\t\t\t\t\t\t\t\t\t\t\t\t\t\t\t<a href=\"#elementor-action%3Aaction%3Dpopup%3Aopen%26settings%3DeyJpZCI6Ijg3NCIsInRvZ2dsZSI6ZmFsc2V9\">\n\t\t\t\t\t\t\t<img loading=\"lazy\" decoding=\"async\" width=\"2315\" height=\"911\" src=\"https:\/\/chalespa.com\/wp-content\/uploads\/2025\/03\/otros-06.png\" class=\"attachment-full size-full wp-image-1009\" alt=\"\" srcset=\"https:\/\/chalespa.com\/wp-content\/uploads\/2025\/03\/otros-06.png 2315w, https:\/\/chalespa.com\/wp-content\/uploads\/2025\/03\/otros-06-300x118.png 300w, https:\/\/chalespa.com\/wp-content\/uploads\/2025\/03\/otros-06-1024x403.png 1024w, https:\/\/chalespa.com\/wp-content\/uploads\/2025\/03\/otros-06-768x302.png 768w, https:\/\/chalespa.com\/wp-content\/uploads\/2025\/03\/otros-06-1536x604.png 1536w, https:\/\/chalespa.com\/wp-content\/uploads\/2025\/03\/otros-06-2048x806.png 2048w, https:\/\/chalespa.com\/wp-content\/uploads\/2025\/03\/otros-06-600x236.png 600w\" sizes=\"(max-width: 2315px) 100vw, 2315px\" \/>\t\t\t\t\t\t\t\t<\/a>\n\t\t\t\t\t\t\t\t\t\t\t\t\t\t\t<\/div>\n\t\t\t\t<\/div>\n\t\t\t\t\t<\/div>\n\t\t<\/div>\n\t\t\t\t\t<\/div>\n\t\t<\/section>\n\t\t\t\t<section class=\"elementor-section elementor-top-section elementor-element elementor-element-6998c20 elementor-section-boxed elementor-section-height-default elementor-section-height-default\" data-id=\"6998c20\" data-element_type=\"section\" data-e-type=\"section\">\n\t\t\t\t\t\t<div class=\"elementor-container elementor-column-gap-default\">\n\t\t\t\t\t<div class=\"elementor-column elementor-col-100 elementor-top-column elementor-element elementor-element-f6f8ec9\" data-id=\"f6f8ec9\" data-element_type=\"column\" data-e-type=\"column\">\n\t\t\t<div class=\"elementor-widget-wrap elementor-element-populated\">\n\t\t\t\t\t\t<div class=\"elementor-element elementor-element-74d9d4f elementor-widget elementor-widget-heading\" data-id=\"74d9d4f\" data-element_type=\"widget\" data-e-type=\"widget\" data-widget_type=\"heading.default\">\n\t\t\t\t<div class=\"elementor-widget-container\">\n\t\t\t\t\t<h2 class=\"elementor-heading-title elementor-size-default\">CONT\u00c1CTANOS<\/h2>\t\t\t\t<\/div>\n\t\t\t\t<\/div>\n\t\t\t\t<div class=\"elementor-element elementor-element-2d43b3d elementor-widget-divider--view-line elementor-widget elementor-widget-divider\" data-id=\"2d43b3d\" data-element_type=\"widget\" data-e-type=\"widget\" data-widget_type=\"divider.default\">\n\t\t\t\t<div class=\"elementor-widget-container\">\n\t\t\t\t\t\t\t<div class=\"elementor-divider\">\n\t\t\t<span class=\"elementor-divider-separator\">\n\t\t\t\t\t\t<\/span>\n\t\t<\/div>\n\t\t\t\t\t\t<\/div>\n\t\t\t\t<\/div>\n\t\t\t\t<div class=\"elementor-element elementor-element-1895858 elementor-button-align-start elementor-widget elementor-widget-form\" data-id=\"1895858\" data-element_type=\"widget\" data-e-type=\"widget\" data-settings=\"{&quot;step_next_label&quot;:&quot;Next&quot;,&quot;step_previous_label&quot;:&quot;Previous&quot;,&quot;button_width&quot;:&quot;100&quot;,&quot;step_type&quot;:&quot;number_text&quot;,&quot;step_icon_shape&quot;:&quot;circle&quot;}\" data-widget_type=\"form.default\">\n\t\t\t\t<div class=\"elementor-widget-container\">\n\t\t\t\t\t\t\t<form class=\"elementor-form\" method=\"post\" name=\"Contacto\">\n\t\t\t<input type=\"hidden\" name=\"post_id\" value=\"94\"\/>\n\t\t\t<input type=\"hidden\" name=\"form_id\" value=\"1895858\"\/>\n\t\t\t<input type=\"hidden\" name=\"referer_title\" value=\"Servicios\" \/>\n\n\t\t\t\t\t\t\t<input type=\"hidden\" name=\"queried_id\" value=\"94\"\/>\n\t\t\t\n\t\t\t<div class=\"elementor-form-fields-wrapper elementor-labels-\">\n\t\t\t\t\t\t\t\t<div class=\"elementor-field-type-text elementor-field-group elementor-column elementor-field-group-name elementor-col-100\">\n\t\t\t\t\t\t\t\t\t\t\t\t<label for=\"form-field-name\" class=\"elementor-field-label elementor-screen-only\">\n\t\t\t\t\t\t\t\tName\t\t\t\t\t\t\t<\/label>\n\t\t\t\t\t\t\t\t\t\t\t\t\t\t<input size=\"1\" type=\"text\" name=\"form_fields[name]\" id=\"form-field-name\" class=\"elementor-field elementor-size-md  elementor-field-textual\" placeholder=\"Nombre completo\">\n\t\t\t\t\t\t\t\t\t\t\t<\/div>\n\t\t\t\t\t\t\t\t<div class=\"elementor-field-type-email elementor-field-group elementor-column elementor-field-group-email elementor-col-50 elementor-field-required\">\n\t\t\t\t\t\t\t\t\t\t\t\t<label for=\"form-field-email\" class=\"elementor-field-label elementor-screen-only\">\n\t\t\t\t\t\t\t\tEmail\t\t\t\t\t\t\t<\/label>\n\t\t\t\t\t\t\t\t\t\t\t\t\t\t<input size=\"1\" type=\"email\" name=\"form_fields[email]\" id=\"form-field-email\" class=\"elementor-field elementor-size-md  elementor-field-textual\" placeholder=\"Email\" required=\"required\" aria-required=\"true\">\n\t\t\t\t\t\t\t\t\t\t\t<\/div>\n\t\t\t\t\t\t\t\t<div class=\"elementor-field-type-email elementor-field-group elementor-column elementor-field-group-field_5a904f3 elementor-col-50 elementor-field-required\">\n\t\t\t\t\t\t\t\t\t\t\t\t<label for=\"form-field-field_5a904f3\" class=\"elementor-field-label elementor-screen-only\">\n\t\t\t\t\t\t\t\tPhone\t\t\t\t\t\t\t<\/label>\n\t\t\t\t\t\t\t\t\t\t\t\t\t\t<input size=\"1\" type=\"email\" name=\"form_fields[field_5a904f3]\" id=\"form-field-field_5a904f3\" class=\"elementor-field elementor-size-md  elementor-field-textual\" placeholder=\"Tel\u00e9fono\" required=\"required\" aria-required=\"true\">\n\t\t\t\t\t\t\t\t\t\t\t<\/div>\n\t\t\t\t\t\t\t\t<div class=\"elementor-field-type-textarea elementor-field-group elementor-column elementor-field-group-message elementor-col-100\">\n\t\t\t\t\t\t\t\t\t\t\t\t<label for=\"form-field-message\" class=\"elementor-field-label elementor-screen-only\">\n\t\t\t\t\t\t\t\tMessage\t\t\t\t\t\t\t<\/label>\n\t\t\t\t\t\t<textarea class=\"elementor-field-textual elementor-field  elementor-size-md\" name=\"form_fields[message]\" id=\"form-field-message\" rows=\"3\" placeholder=\"Mensaje\"><\/textarea>\t\t\t\t<\/div>\n\t\t\t\t\t\t\t\t<div class=\"elementor-field-type-html elementor-field-group elementor-column elementor-field-group-field_8c3abab elementor-col-100\">\n\t\t\t\t\tSi quieres saber m\u00e1s sobre nuestros servicios o si eres candidata\/o para un tratamiento\nen especial, por favor escr\u00edbenos o ll\u00e1manos para aclarar todas tus dudas.\t\t\t\t<\/div>\n\t\t\t\t\t\t\t\t<div class=\"elementor-field-group elementor-column elementor-field-type-submit elementor-col-100 e-form__buttons\">\n\t\t\t\t\t<button class=\"elementor-button elementor-size-sm\" type=\"submit\">\n\t\t\t\t\t\t<span class=\"elementor-button-content-wrapper\">\n\t\t\t\t\t\t\t\t\t\t\t\t\t\t\t\t\t\t\t\t\t\t<span class=\"elementor-button-text\">Enviar<\/span>\n\t\t\t\t\t\t\t\t\t\t\t\t\t<\/span>\n\t\t\t\t\t<\/button>\n\t\t\t\t<\/div>\n\t\t\t<\/div>\n\t\t<\/form>\n\t\t\t\t\t\t<\/div>\n\t\t\t\t<\/div>\n\t\t\t\t\t<\/div>\n\t\t<\/div>\n\t\t\t\t\t<\/div>\n\t\t<\/section>\n\t\t\t\t<\/div>\n\t\t","protected":false},"excerpt":{"rendered":"<p>SERVICIOS Masajes Experiencias Cl\u00e1sica Experiencias \u00c9lite Otros Te invitamos a conocer nuestra amplia gama de servicios que ofrecemos con la \u00fanica finalidad de mejorar tu calidad de vida a trav\u00e9s de brindarte bienestar, mejorar tu salud y exponenciar tu belleza natural. CONT\u00c1CTANOS<\/p>\n","protected":false},"author":1,"featured_media":0,"parent":0,"menu_order":0,"comment_status":"closed","ping_status":"closed","template":"elementor_header_footer","meta":{"footnotes":""},"class_list":["post-94","page","type-page","status-publish","hentry"],"_hostinger_reach_plugin_has_subscription_block":false,"_hostinger_reach_plugin_is_elementor":false,"_links":{"self":[{"href":"https:\/\/chalespa.com\/index.php\/wp-json\/wp\/v2\/pages\/94","targetHints":{"allow":["GET"]}}],"collection":[{"href":"https:\/\/chalespa.com\/index.php\/wp-json\/wp\/v2\/pages"}],"about":[{"href":"https:\/\/chalespa.com\/index.php\/wp-json\/wp\/v2\/types\/page"}],"author":[{"embeddable":true,"href":"https:\/\/chalespa.com\/index.php\/wp-json\/wp\/v2\/users\/1"}],"replies":[{"embeddable":true,"href":"https:\/\/chalespa.com\/index.php\/wp-json\/wp\/v2\/comments?post=94"}],"version-history":[{"count":154,"href":"https:\/\/chalespa.com\/index.php\/wp-json\/wp\/v2\/pages\/94\/revisions"}],"predecessor-version":[{"id":1020,"href":"https:\/\/chalespa.com\/index.php\/wp-json\/wp\/v2\/pages\/94\/revisions\/1020"}],"wp:attachment":[{"href":"https:\/\/chalespa.com\/index.php\/wp-json\/wp\/v2\/media?parent=94"}],"curies":[{"name":"wp","href":"https:\/\/api.w.org\/{rel}","templated":true}]}}